{"id":17,"date":"2020-09-18T18:02:00","date_gmt":"2020-09-18T16:02:00","guid":{"rendered":"http:\/\/parafiarybarzowice.pl\/?page_id=17"},"modified":"2026-04-12T10:28:26","modified_gmt":"2026-04-12T08:28:26","slug":"ogloszenia","status":"publish","type":"page","link":"http:\/\/parafiarybarzowice.pl\/index.php\/ogloszenia\/","title":{"rendered":"OG\u0141OSZENIA"},"content":{"rendered":"\n<p><strong><u>NIEDZIELA BO\u017bEGO MI\u0141OSIERDZIA &#8211; 12.04.2026<\/u><\/strong><\/p>\n\n\n\n<p><strong><em><em><strong><strong><em><strong><em><strong>Zmartwychwstanie Pana Jezusa by\u0142o na tyle trudne do uwierzenia, \u017ce nawet Aposto\u0142owie w\u0105tpili w ten fakt. Dzisiejsza Ewangelia ukazuje drog\u0119 \u015bw. Tomasza od niewiary, poprzez spotkanie ze Zmartwychwsta\u0142ym Jezusem a\u017c do pe\u0142nego wiary wyznania: Pan m\u00f3j i B\u00f3g m\u00f3j. Oby\u015bmy r\u00f3wnie\u017c umieli w spotykanym Jezusie uznawa\u0107 swojego Pana i Boga.<\/strong><\/em><\/strong><\/em><\/strong><\/strong><\/em><\/em><\/strong><\/p>\n\n\n\n<p><strong>1. <\/strong>W dniu dzisiejszym spe\u0142niaj\u0105c zwyk\u0142e warunki: by\u0107 w stanie \u0142aski u\u015bwi\u0119caj\u0105cej, przyj\u0105\u0107 Komuni\u0119 \u015aw. oraz odmawiaj\u0105c Koronk\u0119 do Bo\u017cego Mi\u0142osierdzia mo\u017cna uzyska\u0107 Odpust Zupe\u0142ny.<\/p>\n\n\n\n<p><strong>2. <\/strong>Przysz\u0142a niedziela to III niedziela miesi\u0105ca. Sk\u0142adka przeznaczona b\u0119dzie na gospodarcze potrzeby parafii. Na godz. 11.00 zapraszamy dzieci na Msz\u0119 \u015aw. z kazaniem. Na serduszkach prosimy wpisa\u0107 odpowied\u017a na pytanie zadane w miesi\u0105cu marcu: <em><strong>W jaki spos\u00f3b Pan Jezus uzdrowi\u0142 niewidomego od urodzenia?<\/strong><\/em><\/p>\n\n\n\n<p><strong>3.<\/strong> <strong>Liturgiczne obchody tygodnia:<\/strong><\/p>\n\n\n\n<p>a) wtorek, 14 kwietnia \u2013 \u015bwi\u0119to Chrztu Polski.<\/p>\n\n\n\n<p>b) czwartek, 16 kwietnia &#8211; z racji 16go dnia miesi\u0105ca po Mszy \u015aw. porannej odm\u00f3wimy litani\u0119 do \u015bw. Jana Paw\u0142a II.<\/p>\n\n\n\n<p>c) pi\u0105tek, 17 kwietnia \u2013 przypada III pi\u0105tek miesi\u0105ca. Po Mszy \u015aw. wieczornej Koronka do Bo\u017cego Mi\u0142osierdzia.<\/p>\n\n\n\n<p><strong>4. <\/strong>W poniedzia\u0142ek i czwartek po Mszy \u015aw. wieczornej odb\u0119d\u0105 si\u0119 w ko\u015bciele spotkania formacyjne dla m\u0142odzie\u017cy z klas VIII przygotowuj\u0105cej si\u0119 do Sakramentu Bierzmowania.<\/p>\n\n\n\n<p><strong>5. <\/strong>Ze wzgl\u0119du na obecn\u0105 sytuacj\u0119 w Ziemi \u015awi\u0119tej, zapisy na przysz\u0142oroczn\u0105 pielgrzymk\u0119 zostaj\u0105 przeniesione na p\u00f3\u017aniejszy termin.<\/p>\n\n\n\n<p><strong>6. <\/strong>Sk\u0142adamy serdeczne B\u00f3g zap\u0142a\u0107 Panu Andrzejowi Kucharczykowi za codzienne prowadzenie Drogi Krzy\u017cowej w Wielkim Po\u015bcie, a tak\u017ce ko\u0144cz\u0105c\u0105 si\u0119 Nowenn\u0119 do Bo\u017cego Mi\u0142osierdzia. Jednocze\u015bnie zapraszamy do wsp\u00f3lnej modlitwy: codziennie o 6.00 R\u00f3\u017caniec, w niedziel\u0119 o 6.20 Godzinki oraz o 15.30 Godzina Mi\u0142osierdzia i Nieszpory.<\/p>\n\n\n\n<p><strong>7. <\/strong>Zach\u0119camy do czytania prasy katolickiej.<\/p>\n\n\n\n<p><\/p>\n\n\n\n<p><\/p>\n\n\n\n<p><\/p>\n","protected":false},"excerpt":{"rendered":"<p>NIEDZIELA BO\u017bEGO MI\u0141OSIERDZIA &#8211; 12.04.2026 Zmartwychwstanie Pana Jezusa by\u0142o na tyle trudne do uwierzenia, \u017ce nawet Aposto\u0142owie w\u0105tpili w ten fakt. Dzisiejsza Ewangelia ukazuje drog\u0119 \u015bw. Tomasza od niewiary, poprzez spotkanie ze Zmartwychwsta\u0142ym Jezusem a\u017c do pe\u0142nego wiary wyznania: Pan m\u00f3j i B\u00f3g m\u00f3j. Oby\u015bmy r\u00f3wnie\u017c umieli w spotykanym Jezusie uznawa\u0107 swojego Pana i Boga.\u2026 <span class=\"read-more\"><a href=\"http:\/\/parafiarybarzowice.pl\/index.php\/ogloszenia\/\">Czytaj dalej &raquo;<\/a><\/span><\/p>\n","protected":false},"author":1,"featured_media":268,"parent":0,"menu_order":0,"comment_status":"closed","ping_status":"closed","template":"","meta":[],"_links":{"self":[{"href":"http:\/\/parafiarybarzowice.pl\/index.php\/wp-json\/wp\/v2\/pages\/17"}],"collection":[{"href":"http:\/\/parafiarybarzowice.pl\/index.php\/wp-json\/wp\/v2\/pages"}],"about":[{"href":"http:\/\/parafiarybarzowice.pl\/index.php\/wp-json\/wp\/v2\/types\/page"}],"author":[{"embeddable":true,"href":"http:\/\/parafiarybarzowice.pl\/index.php\/wp-json\/wp\/v2\/users\/1"}],"replies":[{"embeddable":true,"href":"http:\/\/parafiarybarzowice.pl\/index.php\/wp-json\/wp\/v2\/comments?post=17"}],"version-history":[{"count":373,"href":"http:\/\/parafiarybarzowice.pl\/index.php\/wp-json\/wp\/v2\/pages\/17\/revisions"}],"predecessor-version":[{"id":1820,"href":"http:\/\/parafiarybarzowice.pl\/index.php\/wp-json\/wp\/v2\/pages\/17\/revisions\/1820"}],"wp:featuredmedia":[{"embeddable":true,"href":"http:\/\/parafiarybarzowice.pl\/index.php\/wp-json\/wp\/v2\/media\/268"}],"wp:attachment":[{"href":"http:\/\/parafiarybarzowice.pl\/index.php\/wp-json\/wp\/v2\/media?parent=17"}],"curies":[{"name":"wp","href":"https:\/\/api.w.org\/{rel}","templated":true}]}}