{"id":19,"date":"2020-09-15T20:02:50","date_gmt":"2020-09-15T18:02:50","guid":{"rendered":"http:\/\/parafiarybarzowice.pl\/?page_id=19"},"modified":"2025-10-01T19:02:18","modified_gmt":"2025-10-01T17:02:18","slug":"msze-sw","status":"publish","type":"page","link":"http:\/\/parafiarybarzowice.pl\/index.php\/msze-sw\/","title":{"rendered":"MSZE \u015aW"},"content":{"rendered":"\n<p><strong>Msza \u015bwi\u0119ta w niedziel\u0119 i \u015bwi\u0119ta o godz. :<\/strong><\/p>\n\n\n\n<p>7.00 , 9.00, 11.00, 16.00<\/p>\n\n\n\n<p><strong>Msza \u015bwi\u0119ta w dni powszednie<\/strong><\/p>\n\n\n\n<p>6:30 \u2013 ca\u0142y rok<\/p>\n\n\n\n<p>17:00 \u2013 od listopada do \u015awi\u0105t Wielkanocnych<\/p>\n\n\n\n<p>18.00 \u2013 od \u015awi\u0105t Wielkanocnych do listopada<\/p>\n\n\n\n<p>Roraty w Adwencie \u2013 godz. 6:45<\/p>\n","protected":false},"excerpt":{"rendered":"<p>Msza \u015bwi\u0119ta w niedziel\u0119 i \u015bwi\u0119ta o godz. : 7.00 , 9.00, 11.00, 16.00 Msza \u015bwi\u0119ta w dni powszednie 6:30 \u2013 ca\u0142y rok 17:00 \u2013 od listopada do \u015awi\u0105t Wielkanocnych 18.00 \u2013 od \u015awi\u0105t Wielkanocnych do listopada Roraty w Adwencie \u2013 godz. 6:45<\/p>\n","protected":false},"author":1,"featured_media":0,"parent":0,"menu_order":0,"comment_status":"closed","ping_status":"closed","template":"","meta":[],"_links":{"self":[{"href":"http:\/\/parafiarybarzowice.pl\/index.php\/wp-json\/wp\/v2\/pages\/19"}],"collection":[{"href":"http:\/\/parafiarybarzowice.pl\/index.php\/wp-json\/wp\/v2\/pages"}],"about":[{"href":"http:\/\/parafiarybarzowice.pl\/index.php\/wp-json\/wp\/v2\/types\/page"}],"author":[{"embeddable":true,"href":"http:\/\/parafiarybarzowice.pl\/index.php\/wp-json\/wp\/v2\/users\/1"}],"replies":[{"embeddable":true,"href":"http:\/\/parafiarybarzowice.pl\/index.php\/wp-json\/wp\/v2\/comments?post=19"}],"version-history":[{"count":5,"href":"http:\/\/parafiarybarzowice.pl\/index.php\/wp-json\/wp\/v2\/pages\/19\/revisions"}],"predecessor-version":[{"id":1684,"href":"http:\/\/parafiarybarzowice.pl\/index.php\/wp-json\/wp\/v2\/pages\/19\/revisions\/1684"}],"wp:attachment":[{"href":"http:\/\/parafiarybarzowice.pl\/index.php\/wp-json\/wp\/v2\/media?parent=19"}],"curies":[{"name":"wp","href":"https:\/\/api.w.org\/{rel}","templated":true}]}}